{"id":88,"date":"2025-12-03T12:28:02","date_gmt":"2025-12-03T12:28:02","guid":{"rendered":"https:\/\/desguaceselcamponpravia.com\/?page_id=88"},"modified":"2026-01-30T20:33:41","modified_gmt":"2026-01-30T20:33:41","slug":"instalaciones","status":"publish","type":"page","link":"https:\/\/desguaceselcamponpravia.com\/index.php\/instalaciones\/","title":{"rendered":"INSTALACIONES"},"content":{"rendered":"\t\t<div data-elementor-type=\"wp-page\" data-elementor-id=\"88\" class=\"elementor elementor-88\" data-elementor-post-type=\"page\">\n\t\t\t\t<div class=\"elementor-element elementor-element-f8a0881 e-grid e-con-boxed e-con e-parent\" data-id=\"f8a0881\" data-element_type=\"container\">\n\t\t\t\t\t<div class=\"e-con-inner\">\n\t\t\t\t<div class=\"elementor-element elementor-element-ddd8767 elementor-widget elementor-widget-heading\" data-id=\"ddd8767\" data-element_type=\"widget\" data-widget_type=\"heading.default\">\n\t\t\t\t\t<h2 class=\"elementor-heading-title elementor-size-default\">MAS DE 25 A\u00d1OS AL SERVICIO DEL CLIENTE<\/h2>\t\t\t\t<\/div>\n\t\t\t\t\t<\/div>\n\t\t\t\t<\/div>\n\t\t<div class=\"elementor-element elementor-element-cba083b e-grid e-con-boxed e-con e-parent\" data-id=\"cba083b\" data-element_type=\"container\">\n\t\t\t\t\t<div class=\"e-con-inner\">\n\t\t\t\t<div class=\"elementor-element elementor-element-320d790 elementor-widget elementor-widget-image\" data-id=\"320d790\" data-element_type=\"widget\" data-widget_type=\"image.default\">\n\t\t\t\t\t\t\t\t\t\t\t\t\t\t\t<img fetchpriority=\"high\" decoding=\"async\" width=\"355\" height=\"314\" src=\"https:\/\/desguaceselcamponpravia.com\/wp-content\/uploads\/2026\/01\/hor.avif\" class=\"attachment-large size-large wp-image-274\" alt=\"\" srcset=\"https:\/\/desguaceselcamponpravia.com\/wp-content\/uploads\/2026\/01\/hor.avif 355w, https:\/\/desguaceselcamponpravia.com\/wp-content\/uploads\/2026\/01\/hor-300x265.avif 300w\" sizes=\"(max-width: 355px) 100vw, 355px\" \/>\t\t\t\t\t\t\t\t\t\t\t\t\t\t\t<\/div>\n\t\t\t\t<div class=\"elementor-element elementor-element-ac8c992 elementor-widget elementor-widget-video\" data-id=\"ac8c992\" data-element_type=\"widget\" data-settings=\"{&quot;youtube_url&quot;:&quot;https:\\\/\\\/www.youtube.com\\\/watch?v=73KteQ9gFes&quot;,&quot;video_type&quot;:&quot;youtube&quot;,&quot;controls&quot;:&quot;yes&quot;}\" data-widget_type=\"video.default\">\n\t\t\t\t\t\t\t<div class=\"elementor-wrapper elementor-open-inline\">\n\t\t\t<div class=\"elementor-video\"><\/div>\t\t<\/div>\n\t\t\t\t\t\t<\/div>\n\t\t\t\t\t<\/div>\n\t\t\t\t<\/div>\n\t\t<div class=\"elementor-element elementor-element-d32c36b e-flex e-con-boxed e-con e-parent\" data-id=\"d32c36b\" data-element_type=\"container\">\n\t\t\t\t\t<div class=\"e-con-inner\">\n\t\t<div class=\"elementor-element elementor-element-bfe678d e-con-full e-flex e-con e-child\" data-id=\"bfe678d\" data-element_type=\"container\">\n\t\t\t\t<div class=\"elementor-element elementor-element-78b7a7a elementor-widget elementor-widget-text-editor\" data-id=\"78b7a7a\" data-element_type=\"widget\" data-widget_type=\"text-editor.default\">\n\t\t\t\t\t\t\t\t\t<p class=\"font_8 wixui-rich-text__text\">Lo que antes conociamos como cementerio de coches, ya es\u00a0 algo del pasado. Ahora se llaman Centros Autorizados de Tratamiento (CAT), aseguran una gesti\u00f3n ecol\u00f3gica del coche al final de su vida y facilitan el proceso de baja del veh\u00edculo.<\/p><p class=\"font_8 wixui-rich-text__text\"><span class=\"wixGuard wixui-rich-text__text\">\u200b<\/span><\/p><p class=\"font_8 wixui-rich-text__text\">El panorama de la gesti\u00f3n de los veh\u00edculos al final de su vida \u00fatil en Espa\u00f1a ha cambiado enormemente en la \u00faltima d\u00e9cada. Por entonces exist\u00edan en nuestro pa\u00eds 3.500 asentamientos de veh\u00edculos fuera de uso, en muchos casos de dudosa legalidad y nula preocupaci\u00f3n medioambiental.<\/p><p class=\"font_8 wixui-rich-text__text\"><span class=\"wixGuard wixui-rich-text__text\">\u200b<\/span><\/p><p class=\"font_8 wixui-rich-text__text\">El sector se ha visto obligado a cambiar tras la publicaci\u00f3n de la Directiva Europea sobre la gesti\u00f3n y reciclado de veh\u00edculos, traspuesta a la legislaci\u00f3n espa\u00f1ola por un decreto publicado en 2002.<\/p><p class=\"font_8 wixui-rich-text__text\"><span class=\"wixGuard wixui-rich-text__text\">\u200b<\/span><\/p><p class=\"font_8 wixui-rich-text__text\">El objetivo de estas leyes es asegurar un tratamiento medioambientalmente adecuado de los autom\u00f3viles que, por las m\u00faltiples sustancias contaminantes utilizadas en su construcci\u00f3n (plomo, cadmio, mercurio, l\u00edquidos contaminantes como el aceite o el anticongelante, \u2026) suponen un riesgo ecol\u00f3gico de primer orden.<\/p>\t\t\t\t\t\t\t\t<\/div>\n\t\t\t\t<div class=\"elementor-element elementor-element-d0e3fe3 elementor-widget elementor-widget-text-editor\" data-id=\"d0e3fe3\" data-element_type=\"widget\" data-widget_type=\"text-editor.default\">\n\t\t\t\t\t\t\t\t\t<p class=\"font_8 wixui-rich-text__text\">Desguaces el Campon es una empresa familiar creada hace 30 a\u00f1os. En la actualidad cuenta con una plantilla de mas 10 empleados, al\u00a0servicio del cliente.<\/p><p class=\"font_8 wixui-rich-text__text\">\u200b<\/p><p class=\"font_8 wixui-rich-text__text\">Disponemos de unas amplias exposiciones en las cuales contamos\u00a0con una gran selecion de recambios para toda clase de vehiculos.<\/p>\t\t\t\t\t\t\t\t<\/div>\n\t\t\t\t<\/div>\n\t\t<div class=\"elementor-element elementor-element-8d768ad e-con-full e-flex e-con e-child\" data-id=\"8d768ad\" data-element_type=\"container\">\n\t\t\t\t<div class=\"elementor-element elementor-element-805b202 elementor-widget elementor-widget-image\" data-id=\"805b202\" data-element_type=\"widget\" data-widget_type=\"image.default\">\n\t\t\t\t\t\t\t\t\t\t\t\t\t\t\t<img decoding=\"async\" width=\"573\" height=\"253\" src=\"https:\/\/desguaceselcamponpravia.com\/wp-content\/uploads\/2026\/01\/IMG_5164.avif\" class=\"attachment-large size-large wp-image-278\" alt=\"\" srcset=\"https:\/\/desguaceselcamponpravia.com\/wp-content\/uploads\/2026\/01\/IMG_5164.avif 573w, https:\/\/desguaceselcamponpravia.com\/wp-content\/uploads\/2026\/01\/IMG_5164-300x132.avif 300w\" sizes=\"(max-width: 573px) 100vw, 573px\" \/>\t\t\t\t\t\t\t\t\t\t\t\t\t\t\t<\/div>\n\t\t\t\t<div class=\"elementor-element elementor-element-d68aedc elementor-widget elementor-widget-image\" data-id=\"d68aedc\" data-element_type=\"widget\" data-widget_type=\"image.default\">\n\t\t\t\t\t\t\t\t\t\t\t\t\t\t\t<img decoding=\"async\" width=\"432\" height=\"322\" src=\"https:\/\/desguaceselcamponpravia.com\/wp-content\/uploads\/2026\/01\/IMG-20181119-WA0007.avif\" class=\"attachment-large size-large wp-image-286\" alt=\"\" srcset=\"https:\/\/desguaceselcamponpravia.com\/wp-content\/uploads\/2026\/01\/IMG-20181119-WA0007.avif 432w, https:\/\/desguaceselcamponpravia.com\/wp-content\/uploads\/2026\/01\/IMG-20181119-WA0007-300x224.avif 300w\" sizes=\"(max-width: 432px) 100vw, 432px\" \/>\t\t\t\t\t\t\t\t\t\t\t\t\t\t\t<\/div>\n\t\t\t\t<\/div>\n\t\t\t\t\t<\/div>\n\t\t\t\t<\/div>\n\t\t\t\t<\/div>\n\t\t","protected":false},"excerpt":{"rendered":"<p>MAS DE 25 A\u00d1OS AL SERVICIO DEL CLIENTE https:\/\/www.youtube.com\/watch?v=73KteQ9gFes Lo que antes conociamos como cementerio de coches, ya es\u00a0 algo del pasado. Ahora se llaman Centros Autorizados de Tratamiento (CAT), aseguran una gesti\u00f3n ecol\u00f3gica del coche al final de su vida y facilitan el proceso de baja del veh\u00edculo. \u200b [&hellip;]<\/p>\n","protected":false},"author":1,"featured_media":0,"parent":0,"menu_order":0,"comment_status":"closed","ping_status":"closed","template":"page-templates\/template-pagebuilder-full-width.php","meta":{"_themeisle_gutenberg_block_has_review":false,"footnotes":""},"class_list":["post-88","page","type-page","status-publish","hentry"],"_links":{"self":[{"href":"https:\/\/desguaceselcamponpravia.com\/index.php\/wp-json\/wp\/v2\/pages\/88","targetHints":{"allow":["GET"]}}],"collection":[{"href":"https:\/\/desguaceselcamponpravia.com\/index.php\/wp-json\/wp\/v2\/pages"}],"about":[{"href":"https:\/\/desguaceselcamponpravia.com\/index.php\/wp-json\/wp\/v2\/types\/page"}],"author":[{"embeddable":true,"href":"https:\/\/desguaceselcamponpravia.com\/index.php\/wp-json\/wp\/v2\/users\/1"}],"replies":[{"embeddable":true,"href":"https:\/\/desguaceselcamponpravia.com\/index.php\/wp-json\/wp\/v2\/comments?post=88"}],"version-history":[{"count":22,"href":"https:\/\/desguaceselcamponpravia.com\/index.php\/wp-json\/wp\/v2\/pages\/88\/revisions"}],"predecessor-version":[{"id":299,"href":"https:\/\/desguaceselcamponpravia.com\/index.php\/wp-json\/wp\/v2\/pages\/88\/revisions\/299"}],"wp:attachment":[{"href":"https:\/\/desguaceselcamponpravia.com\/index.php\/wp-json\/wp\/v2\/media?parent=88"}],"curies":[{"name":"wp","href":"https:\/\/api.w.org\/{rel}","templated":true}]}}